{"id":1481,"date":"2026-01-15T11:25:15","date_gmt":"2026-01-15T11:25:15","guid":{"rendered":"https:\/\/maisonsirolo.it\/?page_id=1481"},"modified":"2026-01-15T11:32:23","modified_gmt":"2026-01-15T11:32:23","slug":"piscina-solarium","status":"publish","type":"page","link":"https:\/\/maisonsirolo.it\/en\/piscina-solarium\/","title":{"rendered":"Piscina &#038; Solarium"},"content":{"rendered":"<div data-elementor-type=\"wp-page\" data-elementor-id=\"1481\" class=\"elementor elementor-1481\" data-elementor-post-type=\"page\">\n\t\t\t\t<div class=\"elementor-element elementor-element-6f52ad3 e-flex e-con-boxed e-con e-parent\" data-id=\"6f52ad3\" data-element_type=\"container\" data-settings=\"{&quot;background_background&quot;:&quot;classic&quot;}\">\n\t\t\t\t\t<div class=\"e-con-inner\">\n\t\t<div class=\"elementor-element elementor-element-fc94255 e-con-full e-flex e-con e-child\" data-id=\"fc94255\" data-element_type=\"container\">\n\t\t\t\t<div class=\"elementor-element elementor-element-6ce3cd7 elementor-widget elementor-widget-icon-box\" data-id=\"6ce3cd7\" data-element_type=\"widget\" data-widget_type=\"icon-box.default\">\n\t\t\t\t<div class=\"elementor-widget-container\">\n\t\t\t\t\t\t\t<div class=\"elementor-icon-box-wrapper\">\n\n\t\t\t\n\t\t\t\t\t\t<div class=\"elementor-icon-box-content\">\n\n\t\t\t\t\t\t\t\t\t<h3 class=\"elementor-icon-box-title\">\n\t\t\t\t\t\t<span  >\n\t\t\t\t\t\t\tPISCINA &amp; SOLARIUM\t\t\t\t\t\t<\/span>\n\t\t\t\t\t<\/h3>\n\t\t\t\t\n\t\t\t\t\n\t\t\t<\/div>\n\t\t\t\n\t\t<\/div>\n\t\t\t\t\t\t<\/div>\n\t\t\t\t<\/div>\n\t\t\t\t<\/div>\n\t\t\t\t\t<\/div>\n\t\t\t\t<\/div>\n\t\t<div class=\"elementor-element elementor-element-f221ea8 e-flex e-con-boxed e-con e-parent\" data-id=\"f221ea8\" data-element_type=\"container\">\n\t\t\t\t\t<div class=\"e-con-inner\">\n\t\t\t\t<div class=\"elementor-element elementor-element-9a010c4 elementor-widget elementor-widget-heading\" data-id=\"9a010c4\" data-element_type=\"widget\" data-widget_type=\"heading.default\">\n\t\t\t\t<div class=\"elementor-widget-container\">\n\t\t\t\t\t<h1 class=\"elementor-heading-title elementor-size-default\">Uno spazio di relax e tranquillit\u00e0<\/h1>\t\t\t\t<\/div>\n\t\t\t\t<\/div>\n\t\t\t\t<div class=\"elementor-element elementor-element-22ef2d1 elementor-widget elementor-widget-heading\" data-id=\"22ef2d1\" data-element_type=\"widget\" data-widget_type=\"heading.default\">\n\t\t\t\t<div class=\"elementor-widget-container\">\n\t\t\t\t\t<h2 class=\"elementor-heading-title elementor-size-default\">Un\u2019alternativa al mare nelle ore pi\u00f9 calde<\/h2>\t\t\t\t<\/div>\n\t\t\t\t<\/div>\n\t\t\t\t\t<\/div>\n\t\t\t\t<\/div>\n\t\t<div class=\"elementor-element elementor-element-b3e64eb e-flex e-con-boxed e-con e-parent\" data-id=\"b3e64eb\" data-element_type=\"container\">\n\t\t\t\t\t<div class=\"e-con-inner\">\n\t\t\t\t<div class=\"elementor-element elementor-element-3544f40 elementor-widget elementor-widget-text-editor\" data-id=\"3544f40\" data-element_type=\"widget\" data-widget_type=\"text-editor.default\">\n\t\t\t\t<div class=\"elementor-widget-container\">\n\t\t\t\t\t\t\t\t\t<p>La <strong>Piscina Solarium<\/strong> di Maison Sirolo \u00e8 uno spazio dedicato al relax e alla tranquillit\u00e0, pensato per chi desidera godersi momenti di pausa in un contesto riservato e curato.<\/p><p><strong>Situata a pochi minuti dalle spiagge pi\u00f9 belle delle Marche<\/strong>, rappresenta una valida alternativa al mare nelle ore pi\u00f9 calde o al rientro dalla spiaggia. L\u2019area solarium \u00e8 attrezzata per garantire <strong>comfort e privacy<\/strong>.<\/p><p>La piscina \u00e8 anche il luogo ideale per <strong>sorseggiare una bevanda fresca, immersi in un\u2019atmosfera calma e ordinata<\/strong>, lontana dalla confusione.<\/p><p>Un servizio pensato per completare l\u2019esperienza di soggiorno, offrendo <strong>comodit\u00e0, quiete e benessere<\/strong>, a due passi dal mare ma con tutta la tranquillit\u00e0 della struttura.<\/p>\t\t\t\t\t\t\t\t<\/div>\n\t\t\t\t<\/div>\n\t\t\t\t\t<\/div>\n\t\t\t\t<\/div>\n\t\t<div class=\"elementor-element elementor-element-2dabfca e-con-full e-flex e-con e-parent\" data-id=\"2dabfca\" data-element_type=\"container\">\n\t\t\t\t<div class=\"elementor-element elementor-element-73bf4bc elementor-widget elementor-widget-gallery\" data-id=\"73bf4bc\" data-element_type=\"widget\" data-settings=\"{&quot;columns&quot;:5,&quot;gap&quot;:{&quot;unit&quot;:&quot;px&quot;,&quot;size&quot;:0,&quot;sizes&quot;:[]},&quot;gap_mobile&quot;:{&quot;unit&quot;:&quot;px&quot;,&quot;size&quot;:0,&quot;sizes&quot;:[]},&quot;aspect_ratio&quot;:&quot;4:3&quot;,&quot;lazyload&quot;:&quot;yes&quot;,&quot;gallery_layout&quot;:&quot;grid&quot;,&quot;columns_tablet&quot;:2,&quot;columns_mobile&quot;:1,&quot;gap_tablet&quot;:{&quot;unit&quot;:&quot;px&quot;,&quot;size&quot;:10,&quot;sizes&quot;:[]},&quot;link_to&quot;:&quot;file&quot;,&quot;overlay_background&quot;:&quot;yes&quot;,&quot;content_hover_animation&quot;:&quot;fade-in&quot;}\" data-widget_type=\"gallery.default\">\n\t\t\t\t<div class=\"elementor-widget-container\">\n\t\t\t\t\t\t\t<div class=\"elementor-gallery__container\">\n\t\t\t\t\t\t\t<a class=\"e-gallery-item elementor-gallery-item elementor-animated-content\" href=\"https:\/\/maisonsirolo.it\/wp-content\/uploads\/2025\/06\/Tripla-con-balcone-vista-mare-2.jpg\" data-elementor-open-lightbox=\"yes\" data-elementor-lightbox-slideshow=\"73bf4bc\" data-elementor-lightbox-title=\"Tripla con balcone vista mare-2\" data-e-action-hash=\"#elementor-action%3Aaction%3Dlightbox%26settings%3DeyJpZCI6MTE2MywidXJsIjoiaHR0cHM6XC9cL21haXNvbnNpcm9sby5pdFwvd3AtY29udGVudFwvdXBsb2Fkc1wvMjAyNVwvMDZcL1RyaXBsYS1jb24tYmFsY29uZS12aXN0YS1tYXJlLTIuanBnIiwic2xpZGVzaG93IjoiNzNiZjRiYyJ9\">\n\t\t\t\t\t<div class=\"e-gallery-image elementor-gallery-item__image\" data-thumbnail=\"https:\/\/maisonsirolo.it\/wp-content\/uploads\/2025\/06\/Tripla-con-balcone-vista-mare-2.jpg\" data-width=\"1200\" data-height=\"800\" aria-label=\"\" role=\"img\" ><\/div>\n\t\t\t\t\t\t\t\t\t\t\t<div class=\"elementor-gallery-item__overlay\"><\/div>\n\t\t\t\t\t\t\t\t\t\t\t\t\t\t<\/a>\n\t\t\t\t\t\t\t<a class=\"e-gallery-item elementor-gallery-item elementor-animated-content\" href=\"https:\/\/maisonsirolo.it\/wp-content\/uploads\/2026\/01\/piscina-maison-sirolo-05.jpg\" data-elementor-open-lightbox=\"yes\" data-elementor-lightbox-slideshow=\"73bf4bc\" data-elementor-lightbox-title=\"piscina-maison-sirolo-05\" data-e-action-hash=\"#elementor-action%3Aaction%3Dlightbox%26settings%3DeyJpZCI6MTQ4NiwidXJsIjoiaHR0cHM6XC9cL21haXNvbnNpcm9sby5pdFwvd3AtY29udGVudFwvdXBsb2Fkc1wvMjAyNlwvMDFcL3Bpc2NpbmEtbWFpc29uLXNpcm9sby0wNS5qcGciLCJzbGlkZXNob3ciOiI3M2JmNGJjIn0%3D\">\n\t\t\t\t\t<div class=\"e-gallery-image elementor-gallery-item__image\" data-thumbnail=\"https:\/\/maisonsirolo.it\/wp-content\/uploads\/2026\/01\/piscina-maison-sirolo-05.jpg\" data-width=\"960\" data-height=\"1200\" aria-label=\"\" role=\"img\" ><\/div>\n\t\t\t\t\t\t\t\t\t\t\t<div class=\"elementor-gallery-item__overlay\"><\/div>\n\t\t\t\t\t\t\t\t\t\t\t\t\t\t<\/a>\n\t\t\t\t\t\t\t<a class=\"e-gallery-item elementor-gallery-item elementor-animated-content\" href=\"https:\/\/maisonsirolo.it\/wp-content\/uploads\/2026\/01\/piscina-maison-sirolo-02.jpg\" data-elementor-open-lightbox=\"yes\" data-elementor-lightbox-slideshow=\"73bf4bc\" data-elementor-lightbox-title=\"piscina-maison-sirolo-02\" data-e-action-hash=\"#elementor-action%3Aaction%3Dlightbox%26settings%3DeyJpZCI6MTQ4MywidXJsIjoiaHR0cHM6XC9cL21haXNvbnNpcm9sby5pdFwvd3AtY29udGVudFwvdXBsb2Fkc1wvMjAyNlwvMDFcL3Bpc2NpbmEtbWFpc29uLXNpcm9sby0wMi5qcGciLCJzbGlkZXNob3ciOiI3M2JmNGJjIn0%3D\">\n\t\t\t\t\t<div class=\"e-gallery-image elementor-gallery-item__image\" data-thumbnail=\"https:\/\/maisonsirolo.it\/wp-content\/uploads\/2026\/01\/piscina-maison-sirolo-02.jpg\" data-width=\"960\" data-height=\"1200\" aria-label=\"\" role=\"img\" ><\/div>\n\t\t\t\t\t\t\t\t\t\t\t<div class=\"elementor-gallery-item__overlay\"><\/div>\n\t\t\t\t\t\t\t\t\t\t\t\t\t\t<\/a>\n\t\t\t\t\t\t\t<a class=\"e-gallery-item elementor-gallery-item elementor-animated-content\" href=\"https:\/\/maisonsirolo.it\/wp-content\/uploads\/2026\/01\/piscina-maison-sirolo-03.jpg\" data-elementor-open-lightbox=\"yes\" data-elementor-lightbox-slideshow=\"73bf4bc\" data-elementor-lightbox-title=\"piscina-maison-sirolo-03\" data-e-action-hash=\"#elementor-action%3Aaction%3Dlightbox%26settings%3DeyJpZCI6MTQ4NCwidXJsIjoiaHR0cHM6XC9cL21haXNvbnNpcm9sby5pdFwvd3AtY29udGVudFwvdXBsb2Fkc1wvMjAyNlwvMDFcL3Bpc2NpbmEtbWFpc29uLXNpcm9sby0wMy5qcGciLCJzbGlkZXNob3ciOiI3M2JmNGJjIn0%3D\">\n\t\t\t\t\t<div class=\"e-gallery-image elementor-gallery-item__image\" data-thumbnail=\"https:\/\/maisonsirolo.it\/wp-content\/uploads\/2026\/01\/piscina-maison-sirolo-03.jpg\" data-width=\"960\" data-height=\"1200\" aria-label=\"\" role=\"img\" ><\/div>\n\t\t\t\t\t\t\t\t\t\t\t<div class=\"elementor-gallery-item__overlay\"><\/div>\n\t\t\t\t\t\t\t\t\t\t\t\t\t\t<\/a>\n\t\t\t\t\t\t\t<a class=\"e-gallery-item elementor-gallery-item elementor-animated-content\" href=\"https:\/\/maisonsirolo.it\/wp-content\/uploads\/2026\/01\/piscina-maison-sirolo-04.jpg\" data-elementor-open-lightbox=\"yes\" data-elementor-lightbox-slideshow=\"73bf4bc\" data-elementor-lightbox-title=\"piscina-maison-sirolo-04\" data-e-action-hash=\"#elementor-action%3Aaction%3Dlightbox%26settings%3DeyJpZCI6MTQ4NSwidXJsIjoiaHR0cHM6XC9cL21haXNvbnNpcm9sby5pdFwvd3AtY29udGVudFwvdXBsb2Fkc1wvMjAyNlwvMDFcL3Bpc2NpbmEtbWFpc29uLXNpcm9sby0wNC5qcGciLCJzbGlkZXNob3ciOiI3M2JmNGJjIn0%3D\">\n\t\t\t\t\t<div class=\"e-gallery-image elementor-gallery-item__image\" data-thumbnail=\"https:\/\/maisonsirolo.it\/wp-content\/uploads\/2026\/01\/piscina-maison-sirolo-04.jpg\" data-width=\"960\" data-height=\"1200\" aria-label=\"\" role=\"img\" ><\/div>\n\t\t\t\t\t\t\t\t\t\t\t<div class=\"elementor-gallery-item__overlay\"><\/div>\n\t\t\t\t\t\t\t\t\t\t\t\t\t\t<\/a>\n\t\t\t\t\t<\/div>\n\t\t\t\t\t<\/div>\n\t\t\t\t<\/div>\n\t\t\t\t<\/div>\n\t\t\t\t<\/div>","protected":false},"excerpt":{"rendered":"<p>PISCINA &amp; SOLARIUM Uno spazio di relax e tranquillit\u00e0 Un\u2019alternativa al mare nelle ore pi\u00f9 calde La Piscina Solarium di Maison Sirolo \u00e8 uno spazio dedicato al relax e alla tranquillit\u00e0, pensato per chi desidera godersi momenti di pausa in un contesto riservato e curato. Situata a pochi minuti dalle spiagge pi\u00f9 belle delle Marche, [&hellip;]<\/p>","protected":false},"author":1,"featured_media":0,"parent":0,"menu_order":0,"comment_status":"closed","ping_status":"closed","template":"","meta":{"_acf_changed":false,"footnotes":""},"class_list":["post-1481","page","type-page","status-publish","hentry"],"acf":[],"yoast_head":"<!-- This site is optimized with the Yoast SEO plugin v26.4 - https:\/\/yoast.com\/wordpress\/plugins\/seo\/ -->\n<title>Piscina e Solarium in Hotel a Sirolo - Maison Sirolo<\/title>\n<meta name=\"description\" content=\"Piscina solarium riservata a Maison Sirolo, ideale per rilassarsi dopo il mare. Comfort, privacy e tranquillit\u00e0 a pochi minuti dalle spiagge delle Marche.\" \/>\n<meta name=\"robots\" content=\"index, follow, max-snippet:-1, max-image-preview:large, max-video-preview:-1\" \/>\n<link rel=\"canonical\" href=\"https:\/\/maisonsirolo.it\/en\/piscina-solarium\/\" \/>\n<meta property=\"og:locale\" content=\"en_US\" \/>\n<meta property=\"og:type\" content=\"article\" \/>\n<meta property=\"og:title\" content=\"Piscina e Solarium in Hotel a Sirolo - Maison Sirolo\" \/>\n<meta property=\"og:description\" content=\"Piscina solarium riservata a Maison Sirolo, ideale per rilassarsi dopo il mare. Comfort, privacy e tranquillit\u00e0 a pochi minuti dalle spiagge delle Marche.\" \/>\n<meta property=\"og:url\" content=\"https:\/\/maisonsirolo.it\/en\/piscina-solarium\/\" \/>\n<meta property=\"og:site_name\" content=\"Maison Sirolo\" \/>\n<meta property=\"article:modified_time\" content=\"2026-01-15T11:32:23+00:00\" \/>\n<meta name=\"twitter:card\" content=\"summary_large_image\" \/>\n<meta name=\"twitter:label1\" content=\"Est. reading time\" \/>\n\t<meta name=\"twitter:data1\" content=\"1 minute\" \/>\n<script type=\"application\/ld+json\" class=\"yoast-schema-graph\">{\"@context\":\"https:\/\/schema.org\",\"@graph\":[{\"@type\":\"WebPage\",\"@id\":\"https:\/\/maisonsirolo.it\/piscina-solarium\/\",\"url\":\"https:\/\/maisonsirolo.it\/piscina-solarium\/\",\"name\":\"Piscina e Solarium in Hotel a Sirolo - Maison Sirolo\",\"isPartOf\":{\"@id\":\"https:\/\/maisonsirolo.it\/#website\"},\"datePublished\":\"2026-01-15T11:25:15+00:00\",\"dateModified\":\"2026-01-15T11:32:23+00:00\",\"description\":\"Piscina solarium riservata a Maison Sirolo, ideale per rilassarsi dopo il mare. Comfort, privacy e tranquillit\u00e0 a pochi minuti dalle spiagge delle Marche.\",\"breadcrumb\":{\"@id\":\"https:\/\/maisonsirolo.it\/piscina-solarium\/#breadcrumb\"},\"inLanguage\":\"en-US\",\"potentialAction\":[{\"@type\":\"ReadAction\",\"target\":[\"https:\/\/maisonsirolo.it\/piscina-solarium\/\"]}]},{\"@type\":\"BreadcrumbList\",\"@id\":\"https:\/\/maisonsirolo.it\/piscina-solarium\/#breadcrumb\",\"itemListElement\":[{\"@type\":\"ListItem\",\"position\":1,\"name\":\"Home\",\"item\":\"https:\/\/maisonsirolo.it\/\"},{\"@type\":\"ListItem\",\"position\":2,\"name\":\"Piscina &#038; Solarium\"}]},{\"@type\":\"WebSite\",\"@id\":\"https:\/\/maisonsirolo.it\/#website\",\"url\":\"https:\/\/maisonsirolo.it\/\",\"name\":\"Maison Sirolo\",\"description\":\"\",\"publisher\":{\"@id\":\"https:\/\/maisonsirolo.it\/#organization\"},\"potentialAction\":[{\"@type\":\"SearchAction\",\"target\":{\"@type\":\"EntryPoint\",\"urlTemplate\":\"https:\/\/maisonsirolo.it\/?s={search_term_string}\"},\"query-input\":{\"@type\":\"PropertyValueSpecification\",\"valueRequired\":true,\"valueName\":\"search_term_string\"}}],\"inLanguage\":\"en-US\"},{\"@type\":\"Organization\",\"@id\":\"https:\/\/maisonsirolo.it\/#organization\",\"name\":\"Maison Sirolo\",\"url\":\"https:\/\/maisonsirolo.it\/\",\"logo\":{\"@type\":\"ImageObject\",\"inLanguage\":\"en-US\",\"@id\":\"https:\/\/maisonsirolo.it\/#\/schema\/logo\/image\/\",\"url\":\"https:\/\/maisonsirolo.it\/wp-content\/uploads\/2025\/05\/logo-maison-sirolo_Pantone-1-scaled.png\",\"contentUrl\":\"https:\/\/maisonsirolo.it\/wp-content\/uploads\/2025\/05\/logo-maison-sirolo_Pantone-1-scaled.png\",\"width\":2560,\"height\":1505,\"caption\":\"Maison Sirolo\"},\"image\":{\"@id\":\"https:\/\/maisonsirolo.it\/#\/schema\/logo\/image\/\"}}]}<\/script>\n<!-- \/ Yoast SEO plugin. -->","yoast_head_json":{"title":"Piscina e Solarium in Hotel a Sirolo - Maison Sirolo","description":"Piscina solarium riservata a Maison Sirolo, ideale per rilassarsi dopo il mare. Comfort, privacy e tranquillit\u00e0 a pochi minuti dalle spiagge delle Marche.","robots":{"index":"index","follow":"follow","max-snippet":"max-snippet:-1","max-image-preview":"max-image-preview:large","max-video-preview":"max-video-preview:-1"},"canonical":"https:\/\/maisonsirolo.it\/en\/piscina-solarium\/","og_locale":"en_US","og_type":"article","og_title":"Piscina e Solarium in Hotel a Sirolo - Maison Sirolo","og_description":"Piscina solarium riservata a Maison Sirolo, ideale per rilassarsi dopo il mare. Comfort, privacy e tranquillit\u00e0 a pochi minuti dalle spiagge delle Marche.","og_url":"https:\/\/maisonsirolo.it\/en\/piscina-solarium\/","og_site_name":"Maison Sirolo","article_modified_time":"2026-01-15T11:32:23+00:00","twitter_card":"summary_large_image","twitter_misc":{"Est. reading time":"1 minute"},"schema":{"@context":"https:\/\/schema.org","@graph":[{"@type":"WebPage","@id":"https:\/\/maisonsirolo.it\/piscina-solarium\/","url":"https:\/\/maisonsirolo.it\/piscina-solarium\/","name":"Piscina e Solarium in Hotel a Sirolo - Maison Sirolo","isPartOf":{"@id":"https:\/\/maisonsirolo.it\/#website"},"datePublished":"2026-01-15T11:25:15+00:00","dateModified":"2026-01-15T11:32:23+00:00","description":"Piscina solarium riservata a Maison Sirolo, ideale per rilassarsi dopo il mare. Comfort, privacy e tranquillit\u00e0 a pochi minuti dalle spiagge delle Marche.","breadcrumb":{"@id":"https:\/\/maisonsirolo.it\/piscina-solarium\/#breadcrumb"},"inLanguage":"en-US","potentialAction":[{"@type":"ReadAction","target":["https:\/\/maisonsirolo.it\/piscina-solarium\/"]}]},{"@type":"BreadcrumbList","@id":"https:\/\/maisonsirolo.it\/piscina-solarium\/#breadcrumb","itemListElement":[{"@type":"ListItem","position":1,"name":"Home","item":"https:\/\/maisonsirolo.it\/"},{"@type":"ListItem","position":2,"name":"Piscina &#038; Solarium"}]},{"@type":"WebSite","@id":"https:\/\/maisonsirolo.it\/#website","url":"https:\/\/maisonsirolo.it\/","name":"Maison Sirolo","description":"","publisher":{"@id":"https:\/\/maisonsirolo.it\/#organization"},"potentialAction":[{"@type":"SearchAction","target":{"@type":"EntryPoint","urlTemplate":"https:\/\/maisonsirolo.it\/?s={search_term_string}"},"query-input":{"@type":"PropertyValueSpecification","valueRequired":true,"valueName":"search_term_string"}}],"inLanguage":"en-US"},{"@type":"Organization","@id":"https:\/\/maisonsirolo.it\/#organization","name":"Maison Sirolo","url":"https:\/\/maisonsirolo.it\/","logo":{"@type":"ImageObject","inLanguage":"en-US","@id":"https:\/\/maisonsirolo.it\/#\/schema\/logo\/image\/","url":"https:\/\/maisonsirolo.it\/wp-content\/uploads\/2025\/05\/logo-maison-sirolo_Pantone-1-scaled.png","contentUrl":"https:\/\/maisonsirolo.it\/wp-content\/uploads\/2025\/05\/logo-maison-sirolo_Pantone-1-scaled.png","width":2560,"height":1505,"caption":"Maison Sirolo"},"image":{"@id":"https:\/\/maisonsirolo.it\/#\/schema\/logo\/image\/"}}]}},"_links":{"self":[{"href":"https:\/\/maisonsirolo.it\/en\/wp-json\/wp\/v2\/pages\/1481","targetHints":{"allow":["GET"]}}],"collection":[{"href":"https:\/\/maisonsirolo.it\/en\/wp-json\/wp\/v2\/pages"}],"about":[{"href":"https:\/\/maisonsirolo.it\/en\/wp-json\/wp\/v2\/types\/page"}],"author":[{"embeddable":true,"href":"https:\/\/maisonsirolo.it\/en\/wp-json\/wp\/v2\/users\/1"}],"replies":[{"embeddable":true,"href":"https:\/\/maisonsirolo.it\/en\/wp-json\/wp\/v2\/comments?post=1481"}],"version-history":[{"count":15,"href":"https:\/\/maisonsirolo.it\/en\/wp-json\/wp\/v2\/pages\/1481\/revisions"}],"predecessor-version":[{"id":1501,"href":"https:\/\/maisonsirolo.it\/en\/wp-json\/wp\/v2\/pages\/1481\/revisions\/1501"}],"wp:attachment":[{"href":"https:\/\/maisonsirolo.it\/en\/wp-json\/wp\/v2\/media?parent=1481"}],"curies":[{"name":"wp","href":"https:\/\/api.w.org\/{rel}","templated":true}]}}