{"id":763,"date":"2025-06-24T14:21:37","date_gmt":"2025-06-24T14:21:37","guid":{"rendered":"https:\/\/maisonsirolo.it\/?page_id=763"},"modified":"2025-07-07T09:58:30","modified_gmt":"2025-07-07T09:58:30","slug":"contatti","status":"publish","type":"page","link":"https:\/\/maisonsirolo.it\/en\/contatti\/","title":{"rendered":"Contact us"},"content":{"rendered":"<div data-elementor-type=\"wp-page\" data-elementor-id=\"763\" class=\"elementor elementor-763\" data-elementor-post-type=\"page\">\n\t\t\t\t<div class=\"elementor-element elementor-element-f8876dc e-flex e-con-boxed e-con e-parent\" data-id=\"f8876dc\" data-element_type=\"container\" data-settings=\"{&quot;background_background&quot;:&quot;classic&quot;}\">\n\t\t\t\t\t<div class=\"e-con-inner\">\n\t\t\t\t<div class=\"elementor-element elementor-element-6b40ec2 elementor-widget elementor-widget-heading\" data-id=\"6b40ec2\" data-element_type=\"widget\" data-widget_type=\"heading.default\">\n\t\t\t\t<div class=\"elementor-widget-container\">\n\t\t\t\t\t<h2 class=\"elementor-heading-title elementor-size-default\">Contatti e richieste<\/h2>\t\t\t\t<\/div>\n\t\t\t\t<\/div>\n\t\t\t\t\t<\/div>\n\t\t\t\t<\/div>\n\t\t<div class=\"elementor-element elementor-element-86072e8 e-flex e-con-boxed e-con e-parent\" data-id=\"86072e8\" data-element_type=\"container\">\n\t\t\t\t\t<div class=\"e-con-inner\">\n\t\t\t\t<div class=\"elementor-element elementor-element-efa40d0 elementor-widget elementor-widget-heading\" data-id=\"efa40d0\" data-element_type=\"widget\" data-widget_type=\"heading.default\">\n\t\t\t\t<div class=\"elementor-widget-container\">\n\t\t\t\t\t<h2 class=\"elementor-heading-title elementor-size-default\">Siamo qui per il tuo benessere<\/h2>\t\t\t\t<\/div>\n\t\t\t\t<\/div>\n\t\t\t\t<div class=\"elementor-element elementor-element-16fed33 elementor-widget elementor-widget-text-editor\" data-id=\"16fed33\" data-element_type=\"widget\" data-widget_type=\"text-editor.default\">\n\t\t\t\t<div class=\"elementor-widget-container\">\n\t\t\t\t\t\t\t\t\t<p>Vuoi ricevere informazioni, richiedere un\u2019offerta su misura o semplicemente lasciarti ispirare dai servizi di Maison Sirolo? Siamo a tua completa disposizione per aiutarti a progettare un soggiorno personalizzato, rispondere a ogni domanda e trasformare la tua vacanza nella Riviera del Conero in un\u2019esperienza indimenticabile.<\/p><p>Compila il form di contatto qui sotto oppure utilizza i nostri recapiti diretti: il nostro staff ti risponder\u00e0 con cortesia, rapidit\u00e0 e attenzione, accompagnandoti passo dopo passo nella scelta della soluzione perfetta per te. Maison Sirolo \u00e8 il tuo punto di riferimento per il benessere, la privacy e l\u2019accoglienza su misura.<\/p>\t\t\t\t\t\t\t\t<\/div>\n\t\t\t\t<\/div>\n\t\t\t\t\t<\/div>\n\t\t\t\t<\/div>\n\t\t<div class=\"elementor-element elementor-element-60acb3d e-flex e-con-boxed e-con e-parent\" data-id=\"60acb3d\" data-element_type=\"container\">\n\t\t\t\t\t<div class=\"e-con-inner\">\n\t\t<div class=\"elementor-element elementor-element-28dd4df e-con-full e-flex e-con e-child\" data-id=\"28dd4df\" data-element_type=\"container\">\n\t\t\t\t<div class=\"elementor-element elementor-element-1580563 elementor-widget elementor-widget-heading\" data-id=\"1580563\" data-element_type=\"widget\" data-widget_type=\"heading.default\">\n\t\t\t\t<div class=\"elementor-widget-container\">\n\t\t\t\t\t<h2 class=\"elementor-heading-title elementor-size-default\">Dove siamo<\/h2>\t\t\t\t<\/div>\n\t\t\t\t<\/div>\n\t\t\t\t<div class=\"elementor-element elementor-element-9402def elementor-icon-list--layout-traditional elementor-list-item-link-full_width elementor-widget elementor-widget-icon-list\" data-id=\"9402def\" data-element_type=\"widget\" data-widget_type=\"icon-list.default\">\n\t\t\t\t<div class=\"elementor-widget-container\">\n\t\t\t\t\t\t\t<ul class=\"elementor-icon-list-items\">\n\t\t\t\t\t\t\t<li class=\"elementor-icon-list-item\">\n\t\t\t\t\t\t\t\t\t\t\t<span class=\"elementor-icon-list-icon\">\n\t\t\t\t\t\t\t<svg aria-hidden=\"true\" class=\"e-font-icon-svg e-fas-map-marker-alt\" viewbox=\"0 0 384 512\" xmlns=\"http:\/\/www.w3.org\/2000\/svg\"><path d=\"M172.268 501.67C26.97 291.031 0 269.413 0 192 0 85.961 85.961 0 192 0s192 85.961 192 192c0 77.413-26.97 99.031-172.268 309.67-9.535 13.774-29.93 13.773-39.464 0zM192 272c44.183 0 80-35.817 80-80s-35.817-80-80-80-80 35.817-80 80 35.817 80 80 80z\"><\/path><\/svg>\t\t\t\t\t\t<\/span>\n\t\t\t\t\t\t\t\t\t\t<span class=\"elementor-icon-list-text\">Via Papa Giovanni XXIII, 121 \u2013 SIROLO<\/span>\n\t\t\t\t\t\t\t\t\t<\/li>\n\t\t\t\t\t\t\t\t<li class=\"elementor-icon-list-item\">\n\t\t\t\t\t\t\t\t\t\t\t<a href=\"tel:+390714062009\">\n\n\t\t\t\t\t\t\t\t\t\t\t\t<span class=\"elementor-icon-list-icon\">\n\t\t\t\t\t\t\t<svg aria-hidden=\"true\" class=\"e-font-icon-svg e-fas-phone-alt\" viewbox=\"0 0 512 512\" xmlns=\"http:\/\/www.w3.org\/2000\/svg\"><path d=\"M497.39 361.8l-112-48a24 24 0 0 0-28 6.9l-49.6 60.6A370.66 370.66 0 0 1 130.6 204.11l60.6-49.6a23.94 23.94 0 0 0 6.9-28l-48-112A24.16 24.16 0 0 0 122.6.61l-104 24A24 24 0 0 0 0 48c0 256.5 207.9 464 464 464a24 24 0 0 0 23.4-18.6l24-104a24.29 24.29 0 0 0-14.01-27.6z\"><\/path><\/svg>\t\t\t\t\t\t<\/span>\n\t\t\t\t\t\t\t\t\t\t<span class=\"elementor-icon-list-text\">0714062009<\/span>\n\t\t\t\t\t\t\t\t\t\t\t<\/a>\n\t\t\t\t\t\t\t\t\t<\/li>\n\t\t\t\t\t\t<\/ul>\n\t\t\t\t\t\t<\/div>\n\t\t\t\t<\/div>\n\t\t\t\t<div class=\"elementor-element elementor-element-f291b5b elementor-button-align-stretch elementor-widget elementor-widget-form\" data-id=\"f291b5b\" data-element_type=\"widget\" data-settings=\"{&quot;step_next_label&quot;:&quot;Successivo&quot;,&quot;step_previous_label&quot;:&quot;Precedente&quot;,&quot;button_width&quot;:&quot;100&quot;,&quot;step_type&quot;:&quot;number_text&quot;,&quot;step_icon_shape&quot;:&quot;circle&quot;}\" data-widget_type=\"form.default\">\n\t\t\t\t<div class=\"elementor-widget-container\">\n\t\t\t\t\t\t\t<form class=\"elementor-form\" method=\"post\" name=\"Contatti\" aria-label=\"Contact us\" action=\"\">\n\t\t\t<input type=\"hidden\" name=\"post_id\" value=\"763\"\/>\n\t\t\t<input type=\"hidden\" name=\"form_id\" value=\"f291b5b\"\/>\n\t\t\t<input type=\"hidden\" name=\"referer_title\" value=\"Contatti - Maison Sirolo - Richiedi info e prenota\" \/>\n\n\t\t\t\t\t\t\t<input type=\"hidden\" name=\"queried_id\" value=\"763\"\/>\n\t\t\t\n\t\t\t<div class=\"elementor-form-fields-wrapper elementor-labels-\">\n\t\t\t\t\t\t\t\t<div class=\"elementor-field-type-text elementor-field-group elementor-column elementor-field-group-name elementor-col-100 elementor-field-required\">\n\t\t\t\t\t\t\t\t\t\t\t\t<label for=\"form-field-name\" class=\"elementor-field-label elementor-screen-only\">\n\t\t\t\t\t\t\t\tName\t\t\t\t\t\t\t<\/label>\n\t\t\t\t\t\t\t\t\t\t\t\t\t\t<input size=\"1\" type=\"text\" name=\"form_fields[name]\" id=\"form-field-name\" class=\"elementor-field elementor-size-sm  elementor-field-textual\" placeholder=\"Name\" required=\"required\">\n\t\t\t\t\t\t\t\t\t\t\t<\/div>\n\t\t\t\t\t\t\t\t<div class=\"elementor-field-type-email elementor-field-group elementor-column elementor-field-group-email elementor-col-100 elementor-field-required\">\n\t\t\t\t\t\t\t\t\t\t\t\t<label for=\"form-field-email\" class=\"elementor-field-label elementor-screen-only\">\n\t\t\t\t\t\t\t\tEmail\t\t\t\t\t\t\t<\/label>\n\t\t\t\t\t\t\t\t\t\t\t\t\t\t<input size=\"1\" type=\"email\" name=\"form_fields[email]\" id=\"form-field-email\" class=\"elementor-field elementor-size-sm  elementor-field-textual\" placeholder=\"Email\" required=\"required\">\n\t\t\t\t\t\t\t\t\t\t\t<\/div>\n\t\t\t\t\t\t\t\t<div class=\"elementor-field-type-textarea elementor-field-group elementor-column elementor-field-group-message elementor-col-100\">\n\t\t\t\t\t\t\t\t\t\t\t\t<label for=\"form-field-message\" class=\"elementor-field-label elementor-screen-only\">\n\t\t\t\t\t\t\t\tMessage\t\t\t\t\t\t\t<\/label>\n\t\t\t\t\t\t<textarea class=\"elementor-field-textual elementor-field  elementor-size-sm\" name=\"form_fields[message]\" id=\"form-field-message\" rows=\"4\" placeholder=\"Message\"><\/textarea>\t\t\t\t<\/div>\n\t\t\t\t\t\t\t\t<div class=\"elementor-field-type-checkbox elementor-field-group elementor-column elementor-field-group-field_2936b2f elementor-col-100\">\n\t\t\t\t\t\t\t\t\t\t\t\t<label for=\"form-field-field_2936b2f\" class=\"elementor-field-label elementor-screen-only\">\n\t\t\t\t\t\t\t\tAccetta Privacy\t\t\t\t\t\t\t<\/label>\n\t\t\t\t\t\t<div class=\"elementor-field-subgroup  elementor-subgroup-inline\"><span class=\"elementor-field-option\"><input type=\"checkbox\" value=\"Accetta Privacy\" id=\"form-field-field_2936b2f-0\" name=\"form_fields[field_2936b2f]\"> <label for=\"form-field-field_2936b2f-0\">Accetta Privacy<\/label><\/span><\/div>\t\t\t\t<\/div>\n\t\t\t\t\t\t\t\t<div class=\"elementor-field-group elementor-column elementor-field-type-submit elementor-col-100 e-form__buttons\">\n\t\t\t\t\t<button class=\"elementor-button elementor-size-sm\" type=\"submit\">\n\t\t\t\t\t\t<span class=\"elementor-button-content-wrapper\">\n\t\t\t\t\t\t\t\t\t\t\t\t\t\t\t\t\t\t\t\t\t\t<span class=\"elementor-button-text\">Send<\/span>\n\t\t\t\t\t\t\t\t\t\t\t\t\t<\/span>\n\t\t\t\t\t<\/button>\n\t\t\t\t<\/div>\n\t\t\t<\/div>\n\t\t<input type=\"hidden\" name=\"trp-form-language\" value=\"en\"\/><\/form>\n\t\t\t\t\t\t<\/div>\n\t\t\t\t<\/div>\n\t\t\t\t<\/div>\n\t\t<div class=\"elementor-element elementor-element-4b569ec e-con-full e-flex e-con e-child\" data-id=\"4b569ec\" data-element_type=\"container\">\n\t\t\t\t<div class=\"elementor-element elementor-element-9146bda elementor-widget elementor-widget-html\" data-id=\"9146bda\" data-element_type=\"widget\" data-widget_type=\"html.default\">\n\t\t\t\t<div class=\"elementor-widget-container\">\n\t\t\t\t\t<iframe src=\"https:\/\/www.google.com\/maps\/embed?pb=!1m18!1m12!1m3!1d2271.4467584478707!2d13.611948575073104!3d43.523465560813726!2m3!1f0!2f0!3f0!3m2!1i1024!2i768!4f13.1!3m3!1m2!1s0x13327ebf6cd1c2af%3A0x7e84f46b68d1da1f!2sVia%20Giovanni%20XXIII%2C%2060020%20Sirolo%20AN!5e1!3m2!1sit!2sit!4v1750775264341!5m2!1sit!2sit\" width=\"600\" height=\"450\" style=\"border:0;\" allowfullscreen=\"\" loading=\"lazy\" referrerpolicy=\"no-referrer-when-downgrade\"><\/iframe>\t\t\t\t<\/div>\n\t\t\t\t<\/div>\n\t\t\t\t<\/div>\n\t\t\t\t\t<\/div>\n\t\t\t\t<\/div>\n\t\t\t\t<\/div>","protected":false},"excerpt":{"rendered":"<p>Contatti e richieste Siamo qui per il tuo benessere Vuoi ricevere informazioni, richiedere un\u2019offerta su misura o semplicemente lasciarti ispirare dai servizi di Maison Sirolo? Siamo a tua completa disposizione per aiutarti a progettare un soggiorno personalizzato, rispondere a ogni domanda e trasformare la tua vacanza nella Riviera del Conero in un\u2019esperienza indimenticabile. Compila il [&hellip;]<\/p>","protected":false},"author":1,"featured_media":0,"parent":0,"menu_order":0,"comment_status":"closed","ping_status":"closed","template":"","meta":{"_acf_changed":false,"footnotes":""},"class_list":["post-763","page","type-page","status-publish","hentry"],"acf":[],"yoast_head":"<!-- This site is optimized with the Yoast SEO plugin v26.4 - https:\/\/yoast.com\/wordpress\/plugins\/seo\/ -->\n<title>Contatti - Maison Sirolo - Richiedi info e prenota<\/title>\n<meta name=\"description\" content=\"Contatta lo staff di Maison Sirolo per informazioni, preventivi personalizzati, richieste e prenotazioni. Goditi la Riviera del Conero.\" \/>\n<meta name=\"robots\" content=\"index, follow, max-snippet:-1, max-image-preview:large, max-video-preview:-1\" \/>\n<link rel=\"canonical\" href=\"https:\/\/maisonsirolo.it\/en\/contatti\/\" \/>\n<meta property=\"og:locale\" content=\"en_US\" \/>\n<meta property=\"og:type\" content=\"article\" \/>\n<meta property=\"og:title\" content=\"Contatti - Maison Sirolo - Richiedi info e prenota\" \/>\n<meta property=\"og:description\" content=\"Contatta lo staff di Maison Sirolo per informazioni, preventivi personalizzati, richieste e prenotazioni. Goditi la Riviera del Conero.\" \/>\n<meta property=\"og:url\" content=\"https:\/\/maisonsirolo.it\/en\/contatti\/\" \/>\n<meta property=\"og:site_name\" content=\"Maison Sirolo\" \/>\n<meta property=\"article:modified_time\" content=\"2025-07-07T09:58:30+00:00\" \/>\n<meta name=\"twitter:card\" content=\"summary_large_image\" \/>\n<meta name=\"twitter:label1\" content=\"Est. reading time\" \/>\n\t<meta name=\"twitter:data1\" content=\"1 minute\" \/>\n<script type=\"application\/ld+json\" class=\"yoast-schema-graph\">{\"@context\":\"https:\/\/schema.org\",\"@graph\":[{\"@type\":\"WebPage\",\"@id\":\"https:\/\/maisonsirolo.it\/contatti\/\",\"url\":\"https:\/\/maisonsirolo.it\/contatti\/\",\"name\":\"Contatti - Maison Sirolo - Richiedi info e prenota\",\"isPartOf\":{\"@id\":\"https:\/\/maisonsirolo.it\/#website\"},\"datePublished\":\"2025-06-24T14:21:37+00:00\",\"dateModified\":\"2025-07-07T09:58:30+00:00\",\"description\":\"Contatta lo staff di Maison Sirolo per informazioni, preventivi personalizzati, richieste e prenotazioni. Goditi la Riviera del Conero.\",\"breadcrumb\":{\"@id\":\"https:\/\/maisonsirolo.it\/contatti\/#breadcrumb\"},\"inLanguage\":\"en-US\",\"potentialAction\":[{\"@type\":\"ReadAction\",\"target\":[\"https:\/\/maisonsirolo.it\/contatti\/\"]}]},{\"@type\":\"BreadcrumbList\",\"@id\":\"https:\/\/maisonsirolo.it\/contatti\/#breadcrumb\",\"itemListElement\":[{\"@type\":\"ListItem\",\"position\":1,\"name\":\"Home\",\"item\":\"https:\/\/maisonsirolo.it\/\"},{\"@type\":\"ListItem\",\"position\":2,\"name\":\"Contatti\"}]},{\"@type\":\"WebSite\",\"@id\":\"https:\/\/maisonsirolo.it\/#website\",\"url\":\"https:\/\/maisonsirolo.it\/\",\"name\":\"Maison Sirolo\",\"description\":\"\",\"publisher\":{\"@id\":\"https:\/\/maisonsirolo.it\/#organization\"},\"potentialAction\":[{\"@type\":\"SearchAction\",\"target\":{\"@type\":\"EntryPoint\",\"urlTemplate\":\"https:\/\/maisonsirolo.it\/?s={search_term_string}\"},\"query-input\":{\"@type\":\"PropertyValueSpecification\",\"valueRequired\":true,\"valueName\":\"search_term_string\"}}],\"inLanguage\":\"en-US\"},{\"@type\":\"Organization\",\"@id\":\"https:\/\/maisonsirolo.it\/#organization\",\"name\":\"Maison Sirolo\",\"url\":\"https:\/\/maisonsirolo.it\/\",\"logo\":{\"@type\":\"ImageObject\",\"inLanguage\":\"en-US\",\"@id\":\"https:\/\/maisonsirolo.it\/#\/schema\/logo\/image\/\",\"url\":\"https:\/\/maisonsirolo.it\/wp-content\/uploads\/2025\/05\/logo-maison-sirolo_Pantone-1-scaled.png\",\"contentUrl\":\"https:\/\/maisonsirolo.it\/wp-content\/uploads\/2025\/05\/logo-maison-sirolo_Pantone-1-scaled.png\",\"width\":2560,\"height\":1505,\"caption\":\"Maison Sirolo\"},\"image\":{\"@id\":\"https:\/\/maisonsirolo.it\/#\/schema\/logo\/image\/\"}}]}<\/script>\n<!-- \/ Yoast SEO plugin. -->","yoast_head_json":{"title":"Contatti - Maison Sirolo - Richiedi info e prenota","description":"Contatta lo staff di Maison Sirolo per informazioni, preventivi personalizzati, richieste e prenotazioni. Goditi la Riviera del Conero.","robots":{"index":"index","follow":"follow","max-snippet":"max-snippet:-1","max-image-preview":"max-image-preview:large","max-video-preview":"max-video-preview:-1"},"canonical":"https:\/\/maisonsirolo.it\/en\/contatti\/","og_locale":"en_US","og_type":"article","og_title":"Contatti - Maison Sirolo - Richiedi info e prenota","og_description":"Contatta lo staff di Maison Sirolo per informazioni, preventivi personalizzati, richieste e prenotazioni. Goditi la Riviera del Conero.","og_url":"https:\/\/maisonsirolo.it\/en\/contatti\/","og_site_name":"Maison Sirolo","article_modified_time":"2025-07-07T09:58:30+00:00","twitter_card":"summary_large_image","twitter_misc":{"Est. reading time":"1 minute"},"schema":{"@context":"https:\/\/schema.org","@graph":[{"@type":"WebPage","@id":"https:\/\/maisonsirolo.it\/contatti\/","url":"https:\/\/maisonsirolo.it\/contatti\/","name":"Contatti - Maison Sirolo - Richiedi info e prenota","isPartOf":{"@id":"https:\/\/maisonsirolo.it\/#website"},"datePublished":"2025-06-24T14:21:37+00:00","dateModified":"2025-07-07T09:58:30+00:00","description":"Contatta lo staff di Maison Sirolo per informazioni, preventivi personalizzati, richieste e prenotazioni. Goditi la Riviera del Conero.","breadcrumb":{"@id":"https:\/\/maisonsirolo.it\/contatti\/#breadcrumb"},"inLanguage":"en-US","potentialAction":[{"@type":"ReadAction","target":["https:\/\/maisonsirolo.it\/contatti\/"]}]},{"@type":"BreadcrumbList","@id":"https:\/\/maisonsirolo.it\/contatti\/#breadcrumb","itemListElement":[{"@type":"ListItem","position":1,"name":"Home","item":"https:\/\/maisonsirolo.it\/"},{"@type":"ListItem","position":2,"name":"Contatti"}]},{"@type":"WebSite","@id":"https:\/\/maisonsirolo.it\/#website","url":"https:\/\/maisonsirolo.it\/","name":"Maison Sirolo","description":"","publisher":{"@id":"https:\/\/maisonsirolo.it\/#organization"},"potentialAction":[{"@type":"SearchAction","target":{"@type":"EntryPoint","urlTemplate":"https:\/\/maisonsirolo.it\/?s={search_term_string}"},"query-input":{"@type":"PropertyValueSpecification","valueRequired":true,"valueName":"search_term_string"}}],"inLanguage":"en-US"},{"@type":"Organization","@id":"https:\/\/maisonsirolo.it\/#organization","name":"Maison Sirolo","url":"https:\/\/maisonsirolo.it\/","logo":{"@type":"ImageObject","inLanguage":"en-US","@id":"https:\/\/maisonsirolo.it\/#\/schema\/logo\/image\/","url":"https:\/\/maisonsirolo.it\/wp-content\/uploads\/2025\/05\/logo-maison-sirolo_Pantone-1-scaled.png","contentUrl":"https:\/\/maisonsirolo.it\/wp-content\/uploads\/2025\/05\/logo-maison-sirolo_Pantone-1-scaled.png","width":2560,"height":1505,"caption":"Maison Sirolo"},"image":{"@id":"https:\/\/maisonsirolo.it\/#\/schema\/logo\/image\/"}}]}},"_links":{"self":[{"href":"https:\/\/maisonsirolo.it\/en\/wp-json\/wp\/v2\/pages\/763","targetHints":{"allow":["GET"]}}],"collection":[{"href":"https:\/\/maisonsirolo.it\/en\/wp-json\/wp\/v2\/pages"}],"about":[{"href":"https:\/\/maisonsirolo.it\/en\/wp-json\/wp\/v2\/types\/page"}],"author":[{"embeddable":true,"href":"https:\/\/maisonsirolo.it\/en\/wp-json\/wp\/v2\/users\/1"}],"replies":[{"embeddable":true,"href":"https:\/\/maisonsirolo.it\/en\/wp-json\/wp\/v2\/comments?post=763"}],"version-history":[{"count":25,"href":"https:\/\/maisonsirolo.it\/en\/wp-json\/wp\/v2\/pages\/763\/revisions"}],"predecessor-version":[{"id":1274,"href":"https:\/\/maisonsirolo.it\/en\/wp-json\/wp\/v2\/pages\/763\/revisions\/1274"}],"wp:attachment":[{"href":"https:\/\/maisonsirolo.it\/en\/wp-json\/wp\/v2\/media?parent=763"}],"curies":[{"name":"wp","href":"https:\/\/api.w.org\/{rel}","templated":true}]}}